{"id":188,"date":"2023-01-10T06:44:22","date_gmt":"2023-01-10T05:44:22","guid":{"rendered":"http:\/\/loesgs.com\/?page_id=188"},"modified":"2023-01-11T15:28:10","modified_gmt":"2023-01-11T14:28:10","slug":"188-2","status":"publish","type":"page","link":"https:\/\/loesgs.com\/index.php\/188-2\/","title":{"rendered":"Mein Buch"},"content":{"rendered":"<p>[et_pb_section fb_built=&#8221;1&#8243; admin_label=&#8221;Header&#8221; _builder_version=&#8221;4.19.4&#8243; _module_preset=&#8221;default&#8221; use_background_color_gradient=&#8221;on&#8221; background_color_gradient_stops=&#8221;rgba(10,0,0,0) 0%|gcid-04fc7c92-6544-4609-aef9-4409c727b66a 100%&#8221; background_color_gradient_overlays_image=&#8221;on&#8221; background_image=&#8221;http:\/\/loesgs.com\/wp-content\/uploads\/2023\/01\/Buch_Loes_Gabbe_Schmidt_Exemplare-scaled.jpg&#8221; custom_padding=&#8221;16vw||16vw||true|false&#8221; locked=&#8221;off&#8221; collapsed=&#8221;on&#8221; global_colors_info=&#8221;{%22gcid-04fc7c92-6544-4609-aef9-4409c727b66a%22:%91%22background_color_gradient_stops%22%93}&#8221;][et_pb_row _builder_version=&#8221;4.17.4&#8243; _module_preset=&#8221;default&#8221; width=&#8221;700px&#8221; width_tablet=&#8221;80%&#8221; width_phone=&#8221;80%&#8221; width_last_edited=&#8221;on|tablet&#8221; global_colors_info=&#8221;{}&#8221;][et_pb_column type=&#8221;4_4&#8243; _builder_version=&#8221;4.17.4&#8243; _module_preset=&#8221;default&#8221; global_colors_info=&#8221;{}&#8221;][et_pb_text _builder_version=&#8221;4.19.4&#8243; _module_preset=&#8221;e6504a1b-67eb-4b3d-b023-bcab277610b6&#8243; header_4_font=&#8221;Inter|700||on|||||&#8221; header_4_text_color=&#8221;#FFFFFF&#8221; header_4_font_size=&#8221;14px&#8221; header_4_letter_spacing=&#8221;0.3em&#8221; header_4_line_height=&#8221;1.4em&#8221; text_orientation=&#8221;center&#8221; custom_margin=&#8221;||0px||false|false&#8221; global_colors_info=&#8221;{}&#8221;]<\/p>\n<h4>LOES GABBE-SCHMIDT<\/h4>\n<p>[\/et_pb_text][et_pb_text _builder_version=&#8221;4.17.4&#8243; _module_preset=&#8221;c16985e1-e0d6-4022-964d-e2bfc04fa633&#8243; header_font=&#8221;Jost|600|||||||&#8221; header_text_color=&#8221;#FFFFFF&#8221; header_font_size=&#8221;75px&#8221; header_line_height=&#8221;1.2em&#8221; text_orientation=&#8221;center&#8221; header_font_size_tablet=&#8221;40px&#8221; header_font_size_phone=&#8221;24px&#8221; header_font_size_last_edited=&#8221;on|desktop&#8221; global_colors_info=&#8221;{}&#8221;]<\/p>\n<h1>NICHT MEHR SCHWEIGEN<\/h1>\n<p>[\/et_pb_text][et_pb_button button_url=&#8221;@ET-DC@eyJkeW5hbWljIjp0cnVlLCJjb250ZW50IjoicG9zdF9saW5rX3VybF9wYWdlIiwic2V0dGluZ3MiOnsicG9zdF9pZCI6IjQxMCJ9fQ==@&#8221; button_text=&#8221;HIER BESTELLEN&#8221; button_alignment=&#8221;center&#8221; _builder_version=&#8221;4.19.4&#8243; _dynamic_attributes=&#8221;button_url&#8221; _module_preset=&#8221;31b4f027-aaa0-4f2f-ae02-959764e19e4f&#8221; custom_button=&#8221;on&#8221; button_text_size=&#8221;14px&#8221; button_text_color=&#8221;#FFFFFF&#8221; button_bg_color=&#8221;#FF6A00&#8243; button_border_width=&#8221;0px&#8221; button_border_radius=&#8221;0px&#8221; button_font=&#8221;Inter|700||on|||||&#8221; custom_padding=&#8221;16px|24px|16px|24px|true|true&#8221; global_colors_info=&#8221;{}&#8221;][\/et_pb_button][\/et_pb_column][\/et_pb_row][\/et_pb_section][et_pb_section fb_built=&#8221;1&#8243; admin_label=&#8221;Products&#8221; _builder_version=&#8221;4.17.4&#8243; _module_preset=&#8221;default&#8221; background_color=&#8221;#F6F3EF&#8221; locked=&#8221;off&#8221; collapsed=&#8221;on&#8221; global_colors_info=&#8221;{}&#8221;][et_pb_row _builder_version=&#8221;4.17.4&#8243; _module_preset=&#8221;default&#8221; custom_padding=&#8221;||0px||false|false&#8221; global_colors_info=&#8221;{}&#8221;][et_pb_column type=&#8221;4_4&#8243; _builder_version=&#8221;4.17.4&#8243; _module_preset=&#8221;default&#8221; global_colors_info=&#8221;{}&#8221;][et_pb_text _builder_version=&#8221;4.19.4&#8243; _module_preset=&#8221;e6504a1b-67eb-4b3d-b023-bcab277610b6&#8243; header_4_font=&#8221;Inter|700||on|||||&#8221; header_4_text_color=&#8221;rgba(0,0,0,0.62)&#8221; header_4_font_size=&#8221;14px&#8221; header_4_letter_spacing=&#8221;0.3em&#8221; header_4_line_height=&#8221;1.4em&#8221; text_orientation=&#8221;center&#8221; custom_margin=&#8221;||0px||false|false&#8221; global_colors_info=&#8221;{}&#8221;]<\/p>\n<h4>Erschienen am 30.12.22!<\/h4>\n<p>[\/et_pb_text][et_pb_text _builder_version=&#8221;4.19.4&#8243; _module_preset=&#8221;b327cbe4-b1d5-4b66-ad37-40c8f2f061ba&#8221; text_text_color=&#8221;gcid-04fc7c92-6544-4609-aef9-4409c727b66a&#8221; header_text_color=&#8221;gcid-04fc7c92-6544-4609-aef9-4409c727b66a&#8221; header_2_font=&#8221;Jost|600|||||||&#8221; header_2_text_color=&#8221;#000000&#8243; header_2_font_size=&#8221;48px&#8221; header_2_line_height=&#8221;1.2em&#8221; text_orientation=&#8221;center&#8221; header_2_font_size_tablet=&#8221;32px&#8221; header_2_font_size_phone=&#8221;20px&#8221; header_2_font_size_last_edited=&#8221;on|desktop&#8221; global_colors_info=&#8221;{%22gcid-04fc7c92-6544-4609-aef9-4409c727b66a%22:%91%22header_text_color%22,%22text_text_color%22%93}&#8221;]<\/p>\n<h2>1. Auflage<\/h2>\n<p>[\/et_pb_text][\/et_pb_column][\/et_pb_row][et_pb_row _builder_version=&#8221;4.19.4&#8243; _module_preset=&#8221;default&#8221; max_width=&#8221;none&#8221; min_height=&#8221;698px&#8221; global_colors_info=&#8221;{}&#8221;][et_pb_column type=&#8221;4_4&#8243; _builder_version=&#8221;4.17.4&#8243; _module_preset=&#8221;default&#8221; global_colors_info=&#8221;{}&#8221;][et_pb_image src=&#8221;http:\/\/loesgs.com\/wp-content\/uploads\/2023\/01\/Buch_Loes_Gabbe_Schmidt_Cover-e1673335842305.png&#8221; title_text=&#8221;Buch_Loes_Gabbe_Schmidt_Cover&#8221; align=&#8221;center&#8221; _builder_version=&#8221;4.19.4&#8243; _module_preset=&#8221;default&#8221; min_height=&#8221;522px&#8221; custom_margin=&#8221;-13px||20px||false|false&#8221; global_colors_info=&#8221;{}&#8221;][\/et_pb_image][et_pb_text _builder_version=&#8221;4.19.4&#8243; _module_preset=&#8221;4827deed-2a92-4d97-a22f-f01067ae6873&#8243; header_font=&#8221;||||||||&#8221; header_4_font=&#8221;Jost|500|||||||&#8221; header_4_text_color=&#8221;#000000&#8243; header_4_font_size=&#8221;19px&#8221; header_4_line_height=&#8221;1.4em&#8221; custom_margin=&#8221;||0px||false|false&#8221; custom_padding=&#8221;||1px|||&#8221; header_4_font_size_tablet=&#8221;16px&#8221; header_4_font_size_phone=&#8221;14px&#8221; header_4_font_size_last_edited=&#8221;on|tablet&#8221; locked=&#8221;off&#8221; global_colors_info=&#8221;{}&#8221;]<\/p>\n<h4 style=\"text-align: center;\">Originale Ausgabe<\/h4>\n<p>[\/et_pb_text][et_pb_button button_url=&#8221;@ET-DC@eyJkeW5hbWljIjp0cnVlLCJjb250ZW50IjoicG9zdF9saW5rX3VybF9wYWdlIiwic2V0dGluZ3MiOnsicG9zdF9pZCI6IjMwNyJ9fQ==@&#8221; button_text=&#8221;Mehr sehen&#8221; button_alignment=&#8221;center&#8221; _builder_version=&#8221;4.19.4&#8243; _dynamic_attributes=&#8221;button_url&#8221; _module_preset=&#8221;db46e67d-9505-40bb-9ebd-8901bc8b3a95&#8243; custom_button=&#8221;on&#8221; button_text_size=&#8221;14px&#8221; button_text_color=&#8221;#FF6A00&#8243; button_bg_color=&#8221;RGBA(255,255,255,0)&#8221; button_border_width=&#8221;0px&#8221; button_border_color=&#8221;#000000&#8243; button_border_radius=&#8221;0px&#8221; button_font=&#8221;Inter|700||on|||||&#8221; custom_padding=&#8221;0px|0px|0px|0px|true|true&#8221; global_colors_info=&#8221;{}&#8221;][\/et_pb_button][\/et_pb_column][\/et_pb_row][\/et_pb_section][et_pb_section fb_built=&#8221;1&#8243; admin_label=&#8221;Call to Action&#8221; _builder_version=&#8221;4.19.4&#8243; _module_preset=&#8221;default&#8221; background_color=&#8221;gcid-04fc7c92-6544-4609-aef9-4409c727b66a&#8221; collapsed=&#8221;on&#8221; global_colors_info=&#8221;{%22gcid-04fc7c92-6544-4609-aef9-4409c727b66a%22:%91%22background_color%22%93}&#8221;][et_pb_row column_structure=&#8221;1_2,1_2&#8243; custom_padding_last_edited=&#8221;on|phone&#8221; _builder_version=&#8221;4.19.4&#8243; _module_preset=&#8221;default&#8221; background_image=&#8221;http:\/\/loesgs.com\/wp-content\/uploads\/2023\/01\/Buch_Loes_Gabbe_Schmidt_Vorwort-scaled.jpg&#8221; parallax=&#8221;on&#8221; min_height=&#8221;491px&#8221; custom_padding=&#8221;50px|50px|50px|50px|true|true&#8221; custom_padding_tablet=&#8221;30px|30px|30px|30px|true|true&#8221; custom_padding_phone=&#8221;20px|20px|20px|20px|true|true&#8221; border_width_all=&#8221;4px&#8221; border_color_all=&#8221;#FF6A00&#8243; global_colors_info=&#8221;{}&#8221;][et_pb_column type=&#8221;1_2&#8243; _builder_version=&#8221;4.17.4&#8243; _module_preset=&#8221;default&#8221; global_colors_info=&#8221;{}&#8221;][et_pb_image src=&#8221;http:\/\/loesgs.com\/wp-content\/uploads\/2022\/12\/chocolatier-55.jpg&#8221; title_text=&#8221;chocolatier-55&#8243; _builder_version=&#8221;4.17.4&#8243; _module_preset=&#8221;default&#8221; width=&#8221;100%&#8221; custom_margin=&#8221;||-240px||false|false&#8221; custom_margin_tablet=&#8221;||0px||false|false&#8221; custom_margin_phone=&#8221;||0px||false|false&#8221; custom_margin_last_edited=&#8221;on|tablet&#8221; box_shadow_style=&#8221;preset3&#8243; box_shadow_vertical=&#8221;72px&#8221; box_shadow_blur=&#8221;56px&#8221; box_shadow_spread=&#8221;-48px&#8221; global_colors_info=&#8221;{}&#8221;][\/et_pb_image][\/et_pb_column][et_pb_column type=&#8221;1_2&#8243; _builder_version=&#8221;4.17.4&#8243; _module_preset=&#8221;default&#8221; global_colors_info=&#8221;{}&#8221;][\/et_pb_column][\/et_pb_row][\/et_pb_section][et_pb_section fb_built=&#8221;1&#8243; fullwidth=&#8221;on&#8221; _builder_version=&#8221;4.19.4&#8243; _module_preset=&#8221;default&#8221; background_color=&#8221;gcid-04fc7c92-6544-4609-aef9-4409c727b66a&#8221; global_colors_info=&#8221;{%22gcid-04fc7c92-6544-4609-aef9-4409c727b66a%22:%91%22background_color%22%93}&#8221;][et_pb_fullwidth_header title=&#8221;Lebenserfahrungen&#8221; text_orientation=&#8221;center&#8221; header_scroll_down=&#8221;on&#8221; scroll_down_icon_size=&#8221;71px&#8221; _builder_version=&#8221;4.19.4&#8243; _module_preset=&#8221;default&#8221; title_font=&#8221;|700|||||||&#8221; title_text_color=&#8221;#FFFFFF&#8221; title_font_size=&#8221;44px&#8221; title_line_height=&#8221;1.9em&#8221; content_font=&#8221;||||||||&#8221; content_font_size=&#8221;28px&#8221; content_line_height=&#8221;1.45em&#8221; background_color=&#8221;gcid-04fc7c92-6544-4609-aef9-4409c727b66a&#8221; min_height=&#8221;421px&#8221; custom_margin=&#8221;-40px||55px|||&#8221; custom_padding=&#8221;8px||98px|||&#8221; animation_style=&#8221;zoom&#8221; animation_duration=&#8221;400ms&#8221; global_colors_info=&#8221;{%22gcid-04fc7c92-6544-4609-aef9-4409c727b66a%22:%91%22background_color%22%93,%22gcid-bee10b6f-827c-440d-a9ae-17237a9a8f0e%22:%91%22title_text_shadow_color%22%93}&#8221;]<\/p>\n<p>Lebenserfahrungen, soziale Engagements und eine Begeisterung f\u00fcr die Europ\u00e4ische\u00a0Idee pr\u00e4gen dieses Buch, in dem die niederl\u00e4ndische Autorin dem Leser\u00a0ihre Sicht \u00fcber Deutschland, Europa und die Welt in einem lebendigen Stil\u00a0vermittelt. Eine Autobiografie verwoben mit einem politischen Essay.<\/p>\n<p>[\/et_pb_fullwidth_header][\/et_pb_section][et_pb_section fb_built=&#8221;1&#8243; _builder_version=&#8221;4.19.4&#8243; _module_preset=&#8221;default&#8221; background_color=&#8221;gcid-04fc7c92-6544-4609-aef9-4409c727b66a&#8221; custom_margin=&#8221;-62px|||||&#8221; global_colors_info=&#8221;{%22gcid-04fc7c92-6544-4609-aef9-4409c727b66a%22:%91%22background_color%22%93}&#8221;][\/et_pb_section][et_pb_section fb_built=&#8221;1&#8243; _builder_version=&#8221;4.19.4&#8243; _module_preset=&#8221;default&#8221; background_color=&#8221;gcid-04fc7c92-6544-4609-aef9-4409c727b66a&#8221; background_image=&#8221;http:\/\/loesgs.com\/wp-content\/uploads\/2023\/01\/Buch_Loes_Gabbe_Schmidt_Inhaltsverzeichnis-scaled.jpg&#8221; min_height=&#8221;1106px&#8221; custom_margin=&#8221;-56px|||||&#8221; custom_padding=&#8221;193px||194px|||&#8221; global_colors_info=&#8221;{%22gcid-04fc7c92-6544-4609-aef9-4409c727b66a%22:%91%22background_color%22%93}&#8221;][\/et_pb_section][et_pb_section fb_built=&#8221;1&#8243; fullwidth=&#8221;on&#8221; _builder_version=&#8221;4.19.4&#8243; _module_preset=&#8221;default&#8221; background_color=&#8221;gcid-bee10b6f-827c-440d-a9ae-17237a9a8f0e&#8221; global_colors_info=&#8221;{%22gcid-bee10b6f-827c-440d-a9ae-17237a9a8f0e%22:%91%22background_color%22%93}&#8221;][et_pb_fullwidth_header title=&#8221;Begegnungen&#8221; text_orientation=&#8221;center&#8221; header_scroll_down=&#8221;on&#8221; scroll_down_icon_size=&#8221;71px&#8221; _builder_version=&#8221;4.19.4&#8243; _module_preset=&#8221;default&#8221; title_font=&#8221;|700|||||||&#8221; title_text_color=&#8221;#FFFFFF&#8221; title_font_size=&#8221;44px&#8221; title_line_height=&#8221;1.9em&#8221; content_font=&#8221;||||||||&#8221; content_font_size=&#8221;28px&#8221; content_line_height=&#8221;1.45em&#8221; background_color=&#8221;gcid-bee10b6f-827c-440d-a9ae-17237a9a8f0e&#8221; min_height=&#8221;421px&#8221; custom_margin=&#8221;||55px|||&#8221; custom_padding=&#8221;30px||98px|||&#8221; animation_style=&#8221;zoom&#8221; animation_duration=&#8221;400ms&#8221; global_colors_info=&#8221;{%22gcid-bee10b6f-827c-440d-a9ae-17237a9a8f0e%22:%91%22title_text_shadow_color%22,%22background_color%22%93}&#8221;]<\/p>\n<p>Als 7. von\u00a08 Kindern geboren, sehr katholisch erzogen und verheiratet mit einem deutschen\u00a0Mann ist Frau Loes Gabbe-Schmidt durch zahlreiche Reisen, unter anderem\u00a0eine Pilgerreise auf dem Jakobsweg, vielen Menschen begegnet. Durch\u00a0diese bereichernden Begegnungen ist sie gewachsen, gl\u00fccklicher und zufriedener\u00a0geworden.<\/p>\n<p>[\/et_pb_fullwidth_header][\/et_pb_section][et_pb_section fb_built=&#8221;1&#8243; _builder_version=&#8221;4.19.4&#8243; _module_preset=&#8221;default&#8221; background_color=&#8221;gcid-bee10b6f-827c-440d-a9ae-17237a9a8f0e&#8221; custom_margin=&#8221;-62px|||||&#8221; global_colors_info=&#8221;{%22gcid-bee10b6f-827c-440d-a9ae-17237a9a8f0e%22:%91%22background_color%22%93}&#8221;][\/et_pb_section][et_pb_section fb_built=&#8221;1&#8243; fullwidth=&#8221;on&#8221; _builder_version=&#8221;4.19.4&#8243; _module_preset=&#8221;default&#8221; background_color=&#8221;RGBA(255,255,255,0)&#8221; global_colors_info=&#8221;{}&#8221;][et_pb_fullwidth_header title=&#8221;Frieden, Freiheit und Demokratie&#8221; text_orientation=&#8221;center&#8221; logo_image_url=&#8221;http:\/\/loesgs.com\/wp-content\/uploads\/2022\/12\/Cover_europe_world-scaled.jpg&#8221; _builder_version=&#8221;4.19.4&#8243; _module_preset=&#8221;default&#8221; title_font=&#8221;|700|||||||&#8221; title_text_color=&#8221;gcid-04fc7c92-6544-4609-aef9-4409c727b66a&#8221; title_font_size=&#8221;44px&#8221; title_line_height=&#8221;1.9em&#8221; content_font=&#8221;||||||||&#8221; content_text_color=&#8221;gcid-04fc7c92-6544-4609-aef9-4409c727b66a&#8221; content_font_size=&#8221;28px&#8221; content_line_height=&#8221;1.45em&#8221; background_color=&#8221;#FFFFFF&#8221; min_height=&#8221;421px&#8221; custom_margin=&#8221;-56px||-21px|||&#8221; custom_padding=&#8221;106px||6px|||&#8221; global_colors_info=&#8221;{%22gcid-bee10b6f-827c-440d-a9ae-17237a9a8f0e%22:%91%22title_text_shadow_color%22%93,%22gcid-04fc7c92-6544-4609-aef9-4409c727b66a%22:%91%22title_text_color%22,%22content_text_color%22%93}&#8221;]<\/p>\n<p>Nicht nur ein Buch, sondern ein lebhaftes Pl\u00e4doyer f\u00fcr mehr\u00a0Frieden, Freiheit und Demokratie. Ein Appell an die neue Generation, sich zu\u00a0engagieren und nicht mehr zu schweigen!<\/p>\n<p>[\/et_pb_fullwidth_header][\/et_pb_section][et_pb_section fb_built=&#8221;1&#8243; _builder_version=&#8221;4.19.4&#8243; _module_preset=&#8221;default&#8221; custom_margin=&#8221;1px|||||&#8221; global_colors_info=&#8221;{}&#8221;][et_pb_row _builder_version=&#8221;4.19.4&#8243; _module_preset=&#8221;default&#8221; global_colors_info=&#8221;{}&#8221;][et_pb_column type=&#8221;4_4&#8243; _builder_version=&#8221;4.19.4&#8243; _module_preset=&#8221;default&#8221; global_colors_info=&#8221;{}&#8221;][et_pb_button button_url=&#8221;@ET-DC@eyJkeW5hbWljIjp0cnVlLCJjb250ZW50IjoicG9zdF9saW5rX3VybF9wYWdlIiwic2V0dGluZ3MiOnsicG9zdF9pZCI6IjMwNyJ9fQ==@&#8221; button_text=&#8221;ZUR BILDERGALERIE&#8221; button_alignment=&#8221;center&#8221; _builder_version=&#8221;4.19.4&#8243; _dynamic_attributes=&#8221;button_url&#8221; _module_preset=&#8221;default&#8221; custom_button=&#8221;on&#8221; button_text_size=&#8221;36px&#8221; button_bg_color=&#8221;gcid-04fc7c92-6544-4609-aef9-4409c727b66a&#8221; background_layout=&#8221;dark&#8221; animation_style=&#8221;zoom&#8221; global_colors_info=&#8221;{%22gcid-04fc7c92-6544-4609-aef9-4409c727b66a%22:%91%22button_bg_color%22%93}&#8221;][\/et_pb_button][\/et_pb_column][\/et_pb_row][\/et_pb_section][et_pb_section fb_built=&#8221;1&#8243; _builder_version=&#8221;4.19.4&#8243; _module_preset=&#8221;default&#8221; global_colors_info=&#8221;{}&#8221;][et_pb_row _builder_version=&#8221;4.19.4&#8243; _module_preset=&#8221;default&#8221; custom_padding=&#8221;27px|||||&#8221; global_colors_info=&#8221;{}&#8221;][et_pb_column type=&#8221;4_4&#8243; _builder_version=&#8221;4.19.4&#8243; _module_preset=&#8221;default&#8221; global_colors_info=&#8221;{}&#8221;][et_pb_cta title=&#8221;VORTR\u00c4GE&#8221; button_url=&#8221;@ET-DC@eyJkeW5hbWljIjp0cnVlLCJjb250ZW50IjoicG9zdF9saW5rX3VybF9wYWdlIiwic2V0dGluZ3MiOnsicG9zdF9pZCI6IjE4MCJ9fQ==@&#8221; button_text=&#8221;SUCHEN SIE SICH JETZT EIN THEMA AUS&#8221; _builder_version=&#8221;4.19.4&#8243; _dynamic_attributes=&#8221;link_option_url,button_url&#8221; _module_preset=&#8221;default&#8221; header_font_size=&#8221;40px&#8221; body_line_height=&#8221;1.8em&#8221; background_color=&#8221;gcid-bee10b6f-827c-440d-a9ae-17237a9a8f0e&#8221; link_option_url=&#8221;@ET-DC@eyJkeW5hbWljIjp0cnVlLCJjb250ZW50IjoicG9zdF9saW5rX3VybF9wYWdlIiwic2V0dGluZ3MiOnsicG9zdF9pZCI6IjE4MCJ9fQ==@&#8221; hover_enabled=&#8221;0&#8243; global_colors_info=&#8221;{%22gcid-bee10b6f-827c-440d-a9ae-17237a9a8f0e%22:%91%22background_color%22%93}&#8221; sticky_enabled=&#8221;0&#8243;]<\/p>\n<p>Seit 2020 h\u00e4lt Frau Gabbe-Schmidt\u00a0regelm\u00e4\u00dfig Vortr\u00e4ge in Schulen und kulturellen Treffpunkten der Region. Bei einer Europawoche, bei einem Tag der offenen T\u00fcr oder bei einer Podiumsdiskussion haben Sie die Wahl zwischen verschiedenen Formaten und Themen:<\/p>\n<p>[\/et_pb_cta][\/et_pb_column][\/et_pb_row][\/et_pb_section][et_pb_section fb_built=&#8221;1&#8243; fullwidth=&#8221;on&#8221; _builder_version=&#8221;4.19.4&#8243; _module_preset=&#8221;default&#8221; global_colors_info=&#8221;{}&#8221;][\/et_pb_section]<\/p>\n","protected":false},"excerpt":{"rendered":"<p>LOES GABBE-SCHMIDTNICHT MEHR SCHWEIGENErschienen am 30.12.22!1. AuflageOriginale AusgabeLebenserfahrungen, soziale Engagements und eine Begeisterung f\u00fcr die Europ\u00e4ische\u00a0Idee pr\u00e4gen dieses Buch, in dem die niederl\u00e4ndische Autorin dem Leser\u00a0ihre Sicht \u00fcber Deutschland, Europa und die Welt in einem lebendigen Stil\u00a0vermittelt. Eine Autobiografie verwoben mit einem politischen Essay.Als 7. von\u00a08 Kindern geboren, sehr katholisch erzogen und verheiratet mit einem [&hellip;]<\/p>\n","protected":false},"author":1,"featured_media":0,"parent":0,"menu_order":0,"comment_status":"closed","ping_status":"closed","template":"","meta":{"_et_pb_use_builder":"on","_et_pb_old_content":"","_et_gb_content_width":"","footnotes":""},"class_list":["post-188","page","type-page","status-publish","hentry"],"_links":{"self":[{"href":"https:\/\/loesgs.com\/index.php\/wp-json\/wp\/v2\/pages\/188","targetHints":{"allow":["GET"]}}],"collection":[{"href":"https:\/\/loesgs.com\/index.php\/wp-json\/wp\/v2\/pages"}],"about":[{"href":"https:\/\/loesgs.com\/index.php\/wp-json\/wp\/v2\/types\/page"}],"author":[{"embeddable":true,"href":"https:\/\/loesgs.com\/index.php\/wp-json\/wp\/v2\/users\/1"}],"replies":[{"embeddable":true,"href":"https:\/\/loesgs.com\/index.php\/wp-json\/wp\/v2\/comments?post=188"}],"version-history":[{"count":59,"href":"https:\/\/loesgs.com\/index.php\/wp-json\/wp\/v2\/pages\/188\/revisions"}],"predecessor-version":[{"id":453,"href":"https:\/\/loesgs.com\/index.php\/wp-json\/wp\/v2\/pages\/188\/revisions\/453"}],"wp:attachment":[{"href":"https:\/\/loesgs.com\/index.php\/wp-json\/wp\/v2\/media?parent=188"}],"curies":[{"name":"wp","href":"https:\/\/api.w.org\/{rel}","templated":true}]}}