{"id":343,"date":"2023-01-11T08:51:46","date_gmt":"2023-01-11T07:51:46","guid":{"rendered":"http:\/\/loesgs.com\/?page_id=343"},"modified":"2023-01-12T09:38:06","modified_gmt":"2023-01-12T08:38:06","slug":"343-2","status":"publish","type":"page","link":"https:\/\/loesgs.com\/index.php\/343-2\/","title":{"rendered":"Anfrage f\u00fcr einen Vortrag"},"content":{"rendered":"<p>[et_pb_section fb_built=&#8221;1&#8243; admin_label=&#8221;Header&#8221; _builder_version=&#8221;4.19.4&#8243; _module_preset=&#8221;default&#8221; background_color=&#8221;gcid-04fc7c92-6544-4609-aef9-4409c727b66a&#8221; background_enable_image=&#8221;off&#8221; custom_margin=&#8221;-4px||-253px|||&#8221; custom_padding=&#8221;0vw||0vw||true|false&#8221; global_module=&#8221;370&#8243; locked=&#8221;off&#8221; collapsed=&#8221;on&#8221; global_colors_info=&#8221;{%22gcid-04fc7c92-6544-4609-aef9-4409c727b66a%22:%91%22background_color%22%93}&#8221;][et_pb_row _builder_version=&#8221;4.19.4&#8243; _module_preset=&#8221;default&#8221; transform_scale=&#8221;78%|78%&#8221; width=&#8221;700px&#8221; width_tablet=&#8221;47%&#8221; width_phone=&#8221;80%&#8221; width_last_edited=&#8221;on|tablet&#8221; global_colors_info=&#8221;{}&#8221;][et_pb_column type=&#8221;4_4&#8243; _builder_version=&#8221;4.17.4&#8243; _module_preset=&#8221;default&#8221; global_colors_info=&#8221;{}&#8221;][et_pb_text _builder_version=&#8221;4.19.4&#8243; _module_preset=&#8221;e6504a1b-67eb-4b3d-b023-bcab277610b6&#8243; text_text_color=&#8221;gcid-bee10b6f-827c-440d-a9ae-17237a9a8f0e&#8221; header_text_color=&#8221;gcid-bee10b6f-827c-440d-a9ae-17237a9a8f0e&#8221; header_4_font=&#8221;Inter|700||on|||||&#8221; header_4_text_color=&#8221;#FFFFFF&#8221; header_4_font_size=&#8221;14px&#8221; header_4_letter_spacing=&#8221;0.3em&#8221; header_4_line_height=&#8221;1.4em&#8221; text_orientation=&#8221;center&#8221; custom_margin=&#8221;||22px||false|false&#8221; global_colors_info=&#8221;{%22gcid-bee10b6f-827c-440d-a9ae-17237a9a8f0e%22:%91%22header_text_color%22,%22text_text_color%22%93}&#8221;]<\/p>\n<h4>KONTAKTANFRAGE<\/h4>\n<p>[\/et_pb_text][et_pb_text _builder_version=&#8221;4.19.4&#8243; _module_preset=&#8221;c16985e1-e0d6-4022-964d-e2bfc04fa633&#8243; header_font=&#8221;Jost|600|||||||&#8221; header_text_color=&#8221;#FFFFFF&#8221; header_font_size=&#8221;69px&#8221; header_letter_spacing=&#8221;3px&#8221; header_line_height=&#8221;1.3em&#8221; text_orientation=&#8221;center&#8221; animation_style=&#8221;zoom&#8221; header_font_size_tablet=&#8221;46px&#8221; header_font_size_phone=&#8221;24px&#8221; header_font_size_last_edited=&#8221;on|tablet&#8221; header_text_shadow_style=&#8221;preset1&#8243; header_text_shadow_horizontal_length=&#8221;-0.01em&#8221; header_text_shadow_vertical_length=&#8221;-0.05em&#8221; header_text_shadow_blur_strength=&#8221;0.18em&#8221; header_text_shadow_color=&#8221;gcid-04fc7c92-6544-4609-aef9-4409c727b66a&#8221; global_colors_info=&#8221;{%22gcid-04fc7c92-6544-4609-aef9-4409c727b66a%22:%91%22header_text_shadow_color%22%93}&#8221;]<\/p>\n<h1>VORTR\u00c4GE<\/h1>\n<p>&nbsp;<\/p>\n<p>[\/et_pb_text][\/et_pb_column][\/et_pb_row][\/et_pb_section][et_pb_section fb_built=&#8221;1&#8243; _builder_version=&#8221;4.19.4&#8243; _module_preset=&#8221;default&#8221; custom_margin=&#8221;221px|||||&#8221; hover_enabled=&#8221;0&#8243; global_colors_info=&#8221;{}&#8221; sticky_enabled=&#8221;0&#8243;][et_pb_row _builder_version=&#8221;4.19.4&#8243; _module_preset=&#8221;default&#8221; global_colors_info=&#8221;{}&#8221;][et_pb_column type=&#8221;4_4&#8243; _builder_version=&#8221;4.19.4&#8243; _module_preset=&#8221;default&#8221; global_colors_info=&#8221;{}&#8221;][et_pb_contact_form email=&#8221;info@bruno-allamel.com&#8221; use_redirect=&#8221;on&#8221; success_message=&#8221;Vielen Dank f\u00fcr Ihre Anfrage. Ich melde mich bei Ihnen schnell zur\u00fcck! Ihre Loes Gabbe-Schmidt &#8221; submit_button_text=&#8221;SENDEN&#8221; _builder_version=&#8221;4.19.4&#8243; _module_preset=&#8221;default&#8221; _unique_id=&#8221;9aaa2fad-d94d-4388-8902-23b43f7850a0&#8243; form_field_background_color=&#8221;gcid-04fc7c92-6544-4609-aef9-4409c727b66a&#8221; form_field_text_color=&#8221;#FFFFFF&#8221; title_text_color=&#8221;#FFFFFF&#8221; captcha_font_size=&#8221;25px&#8221; custom_button=&#8221;on&#8221; button_text_color=&#8221;#FFFFFF&#8221; button_bg_color=&#8221;gcid-04fc7c92-6544-4609-aef9-4409c727b66a&#8221; hover_enabled=&#8221;0&#8243; global_colors_info=&#8221;{%22gcid-04fc7c92-6544-4609-aef9-4409c727b66a%22:%91%22button_bg_color%22,%22form_field_background_color%22%93}&#8221; custom_message=&#8221;Liebe Loes,||et_pb_line_break_holder||||et_pb_line_break_holder||Du hast eine Nachricht \u00fcber info@loesgs.com gerade erhalten:||et_pb_line_break_holder||||et_pb_line_break_holder||Der Name vom Absender lautet: %%Name%%||et_pb_line_break_holder||||et_pb_line_break_holder||Hier findest Du seine E-mail-Adresse: %%Email%%||et_pb_line_break_holder||||et_pb_line_break_holder||_________________________________||et_pb_line_break_holder||||et_pb_line_break_holder||Er plant folgende Veranstaltung:||et_pb_line_break_holder||||et_pb_line_break_holder||%%Art%%||et_pb_line_break_holder||||et_pb_line_break_holder||_________________________________||et_pb_line_break_holder||||et_pb_line_break_holder||In folgendem Format:||et_pb_line_break_holder||||et_pb_line_break_holder||%%Format%%||et_pb_line_break_holder||||et_pb_line_break_holder||_________________________________||et_pb_line_break_holder||||et_pb_line_break_holder||Mit folgendem Thema:||et_pb_line_break_holder||||et_pb_line_break_holder||%%Thema%%||et_pb_line_break_holder||||et_pb_line_break_holder||_________________________________||et_pb_line_break_holder||||et_pb_line_break_holder||Das gew\u00fcnschte Datum lautet:||et_pb_line_break_holder||||et_pb_line_break_holder||%%Zeitangabe%%||et_pb_line_break_holder||||et_pb_line_break_holder||_________________________________||et_pb_line_break_holder||||et_pb_line_break_holder||Weitere Bemerkung:||et_pb_line_break_holder||||et_pb_line_break_holder||%%Thema%%||et_pb_line_break_holder||||et_pb_line_break_holder||_________________________________||et_pb_line_break_holder||||et_pb_line_break_holder||Nimm Kontakt bitte mit ihm auf!||et_pb_line_break_holder||||et_pb_line_break_holder||Deine Internetseite :-)&#8221; sticky_enabled=&#8221;0&#8243;][et_pb_contact_field field_id=&#8221;Art&#8221; field_title=&#8221;Welche Art von Veranstaltung planen Sie?&#8221; field_type=&#8221;select&#8221; select_options=&#8221;%91{%22value%22:%22Europatag%22,%22checked%22:0,%22dragID%22:-1},{%22value%22:%22Europawoche%22,%22checked%22:0,%22dragID%22:0},{%22value%22:%22Tag der deutschen Einheit%22,%22checked%22:0,%22dragID%22:1},{%22value%22:%22Friedensaktion%22,%22checked%22:0,%22dragID%22:2},{%22value%22:%22Internationale Frauentag%22,%22checked%22:0,%22dragID%22:3},{%22value%22:%22Eine andere Veranstaltung%22,%22checked%22:0,%22dragID%22:4}%93&#8243; fullwidth_field=&#8221;on&#8221; _builder_version=&#8221;4.19.4&#8243; _module_preset=&#8221;default&#8221; form_field_background_color=&#8221;gcid-bee10b6f-827c-440d-a9ae-17237a9a8f0e&#8221; form_field_font_size=&#8221;24px&#8221; hover_enabled=&#8221;0&#8243; global_colors_info=&#8221;{%22gcid-bee10b6f-827c-440d-a9ae-17237a9a8f0e%22:%91%22form_field_background_color%22%93}&#8221; sticky_enabled=&#8221;0&#8243;][\/et_pb_contact_field][et_pb_contact_field field_id=&#8221;Format&#8221; field_title=&#8221;Welches Format h\u00e4tten Sie gern?&#8221; field_type=&#8221;select&#8221; select_options=&#8221;%91{%22value%22:%22Vortrag%22,%22checked%22:0,%22dragID%22:-1},{%22value%22:%22Lesung%22,%22checked%22:0,%22dragID%22:0},{%22value%22:%22Podiumsdiskussion%22,%22checked%22:0,%22dragID%22:1}%93&#8243; fullwidth_field=&#8221;on&#8221; _builder_version=&#8221;4.19.4&#8243; _module_preset=&#8221;default&#8221; form_field_background_color=&#8221;gcid-bee10b6f-827c-440d-a9ae-17237a9a8f0e&#8221; form_field_font_size=&#8221;24px&#8221; hover_enabled=&#8221;0&#8243; global_colors_info=&#8221;{%22gcid-bee10b6f-827c-440d-a9ae-17237a9a8f0e%22:%91%22form_field_background_color%22%93}&#8221; sticky_enabled=&#8221;0&#8243;][\/et_pb_contact_field][et_pb_contact_field field_id=&#8221;Thema&#8221; field_title=&#8221;Welches Thema w\u00fcrden Sie gern an dem Tag ansprechen?&#8221; field_type=&#8221;select&#8221; select_options=&#8221;%91{%22value%22:%22KRIEG | Die Invasion der Ukraine: Warum wir statt Regelpolitik Ereignispolitik jetzt brauchen%22,%22checked%22:0,%22dragID%22:-1},{%22value%22:%22GESELLSCHAFT | Von M\u00e4nnern und Frauen, die Br\u00fccke zum Frieden%22,%22checked%22:0,%22dragID%22:0},{%22value%22:%22MEDIEN | Auf der Suche nach der Wahrheit: neue Perspektiven mit wertsch\u00e4tzender Erkundung%22,%22checked%22:0,%22dragID%22:1},{%22value%22:%22RELIGION | Licht und Schatten der Weltkirche. \u00dcber das Z\u00f6libat, die Kraft der Liebe und das Loslassen%22,%22checked%22:0,%22dragID%22:2},{%22value%22:%22POLITIK | Die beste Institution der Welt: Ich liebe die EU!%22,%22checked%22:0,%22dragID%22:3},{%22value%22:%22WIRTSCHAFT | Den Kapitalismus f\u00fcr eine bessere Welt weiterentwickeln: das Social-Entrepreneurship-Konzept%22,%22checked%22:0,%22dragID%22:4}%93&#8243; fullwidth_field=&#8221;on&#8221; _builder_version=&#8221;4.19.4&#8243; _module_preset=&#8221;default&#8221; form_field_background_color=&#8221;gcid-bee10b6f-827c-440d-a9ae-17237a9a8f0e&#8221; form_field_font_size=&#8221;24px&#8221; hover_enabled=&#8221;0&#8243; global_colors_info=&#8221;{%22gcid-bee10b6f-827c-440d-a9ae-17237a9a8f0e%22:%91%22form_field_background_color%22%93}&#8221; sticky_enabled=&#8221;0&#8243;][\/et_pb_contact_field][et_pb_contact_field field_id=&#8221;Zeitangabe&#8221; field_title=&#8221;Tragen Sie hier das gew\u00fcnschte Datum ein:&#8221; min_length=&#8221;100&#8243; max_length=&#8221;200&#8243; required_mark=&#8221;off&#8221; fullwidth_field=&#8221;on&#8221; _builder_version=&#8221;4.19.4&#8243; _module_preset=&#8221;default&#8221; form_field_background_color=&#8221;gcid-bee10b6f-827c-440d-a9ae-17237a9a8f0e&#8221; form_field_font=&#8221;||||||||&#8221; form_field_font_size=&#8221;24px&#8221; global_colors_info=&#8221;{%22gcid-bee10b6f-827c-440d-a9ae-17237a9a8f0e%22:%91%22form_field_background_color%22%93}&#8221;][\/et_pb_contact_field][et_pb_contact_field field_id=&#8221;Name&#8221; field_title=&#8221;Name&#8221; _builder_version=&#8221;4.19.4&#8243; form_field_background_color=&#8221;gcid-bee10b6f-827c-440d-a9ae-17237a9a8f0e&#8221; form_field_font_size=&#8221;24px&#8221; global_colors_info=&#8221;{%22gcid-bee10b6f-827c-440d-a9ae-17237a9a8f0e%22:%91%22form_field_background_color%22%93}&#8221; button_text_size__hover_enabled=&#8221;off&#8221; button_one_text_size__hover_enabled=&#8221;off&#8221; button_two_text_size__hover_enabled=&#8221;off&#8221; button_text_color__hover_enabled=&#8221;off&#8221; button_one_text_color__hover_enabled=&#8221;off&#8221; button_two_text_color__hover_enabled=&#8221;off&#8221; button_border_width__hover_enabled=&#8221;off&#8221; button_one_border_width__hover_enabled=&#8221;off&#8221; button_two_border_width__hover_enabled=&#8221;off&#8221; button_border_color__hover_enabled=&#8221;off&#8221; button_one_border_color__hover_enabled=&#8221;off&#8221; button_two_border_color__hover_enabled=&#8221;off&#8221; button_border_radius__hover_enabled=&#8221;off&#8221; button_one_border_radius__hover_enabled=&#8221;off&#8221; button_two_border_radius__hover_enabled=&#8221;off&#8221; button_letter_spacing__hover_enabled=&#8221;off&#8221; button_one_letter_spacing__hover_enabled=&#8221;off&#8221; button_two_letter_spacing__hover_enabled=&#8221;off&#8221; button_bg_color__hover_enabled=&#8221;off&#8221; button_one_bg_color__hover_enabled=&#8221;off&#8221; button_two_bg_color__hover_enabled=&#8221;off&#8221;][\/et_pb_contact_field][et_pb_contact_field field_id=&#8221;Email&#8221; field_title=&#8221;E-Mail-Adresse&#8221; field_type=&#8221;email&#8221; _builder_version=&#8221;4.19.4&#8243; form_field_background_color=&#8221;gcid-bee10b6f-827c-440d-a9ae-17237a9a8f0e&#8221; form_field_font=&#8221;||||||||&#8221; form_field_font_size=&#8221;24px&#8221; global_colors_info=&#8221;{%22gcid-bee10b6f-827c-440d-a9ae-17237a9a8f0e%22:%91%22form_field_background_color%22%93}&#8221; button_text_size__hover_enabled=&#8221;off&#8221; button_one_text_size__hover_enabled=&#8221;off&#8221; button_two_text_size__hover_enabled=&#8221;off&#8221; button_text_color__hover_enabled=&#8221;off&#8221; button_one_text_color__hover_enabled=&#8221;off&#8221; button_two_text_color__hover_enabled=&#8221;off&#8221; button_border_width__hover_enabled=&#8221;off&#8221; button_one_border_width__hover_enabled=&#8221;off&#8221; button_two_border_width__hover_enabled=&#8221;off&#8221; button_border_color__hover_enabled=&#8221;off&#8221; button_one_border_color__hover_enabled=&#8221;off&#8221; button_two_border_color__hover_enabled=&#8221;off&#8221; button_border_radius__hover_enabled=&#8221;off&#8221; button_one_border_radius__hover_enabled=&#8221;off&#8221; button_two_border_radius__hover_enabled=&#8221;off&#8221; button_letter_spacing__hover_enabled=&#8221;off&#8221; button_one_letter_spacing__hover_enabled=&#8221;off&#8221; button_two_letter_spacing__hover_enabled=&#8221;off&#8221; button_bg_color__hover_enabled=&#8221;off&#8221; button_one_bg_color__hover_enabled=&#8221;off&#8221; button_two_bg_color__hover_enabled=&#8221;off&#8221;][\/et_pb_contact_field][et_pb_contact_field field_id=&#8221;Message&#8221; field_title=&#8221;Nachricht&#8221; field_type=&#8221;text&#8221; fullwidth_field=&#8221;on&#8221; _builder_version=&#8221;4.19.4&#8243; form_field_background_color=&#8221;gcid-bee10b6f-827c-440d-a9ae-17237a9a8f0e&#8221; form_field_font=&#8221;||on||||||&#8221; form_field_font_size=&#8221;24px&#8221; global_colors_info=&#8221;{%22gcid-bee10b6f-827c-440d-a9ae-17237a9a8f0e%22:%91%22form_field_background_color%22%93}&#8221; button_text_size__hover_enabled=&#8221;off&#8221; button_one_text_size__hover_enabled=&#8221;off&#8221; button_two_text_size__hover_enabled=&#8221;off&#8221; button_text_color__hover_enabled=&#8221;off&#8221; button_one_text_color__hover_enabled=&#8221;off&#8221; button_two_text_color__hover_enabled=&#8221;off&#8221; button_border_width__hover_enabled=&#8221;off&#8221; button_one_border_width__hover_enabled=&#8221;off&#8221; button_two_border_width__hover_enabled=&#8221;off&#8221; button_border_color__hover_enabled=&#8221;off&#8221; button_one_border_color__hover_enabled=&#8221;off&#8221; button_two_border_color__hover_enabled=&#8221;off&#8221; button_border_radius__hover_enabled=&#8221;off&#8221; button_one_border_radius__hover_enabled=&#8221;off&#8221; button_two_border_radius__hover_enabled=&#8221;off&#8221; button_letter_spacing__hover_enabled=&#8221;off&#8221; button_one_letter_spacing__hover_enabled=&#8221;off&#8221; button_two_letter_spacing__hover_enabled=&#8221;off&#8221; button_bg_color__hover_enabled=&#8221;off&#8221; button_one_bg_color__hover_enabled=&#8221;off&#8221; button_two_bg_color__hover_enabled=&#8221;off&#8221;][\/et_pb_contact_field][et_pb_contact_field fullwidth_field=&#8221;on&#8221; _builder_version=&#8221;4.19.4&#8243; _module_preset=&#8221;default&#8221; field_id=&#8221;Datenschutzerkl\u00e4rung&#8221; field_title=&#8221;       &#8221; field_type=&#8221;checkbox&#8221; checkbox_options=&#8221;%91{%22value%22:%22Die Verarbeitung von personenbezogenen Daten in diesem Formular erfolgt entsprechend den Bestimmungen unserer Datenschutzerkl\u00e4rung.%22,%22checked%22:0,%22dragID%22:-1,%22link_url%22:%22http:\/\/loesgs.com\/index.php\/datenschutzerklarung\/%22}%93&#8243; background_color=&#8221;RGBA(255,255,255,0)&#8221; background_enable_color=&#8221;on&#8221; form_field_background_color=&#8221;gcid-bee10b6f-827c-440d-a9ae-17237a9a8f0e&#8221; global_colors_info=&#8221;{%22gcid-bee10b6f-827c-440d-a9ae-17237a9a8f0e%22:%91%22form_field_background_color%22%93,%22gcid-04fc7c92-6544-4609-aef9-4409c727b66a%22:%91%22form_field_text_color%22%93}&#8221; form_field_text_color=&#8221;gcid-04fc7c92-6544-4609-aef9-4409c727b66a&#8221; hover_enabled=&#8221;0&#8243; sticky_enabled=&#8221;0&#8243;][\/et_pb_contact_field][\/et_pb_contact_form][\/et_pb_column][\/et_pb_row][\/et_pb_section][et_pb_section fb_built=&#8221;1&#8243; _builder_version=&#8221;4.19.4&#8243; _module_preset=&#8221;default&#8221; global_colors_info=&#8221;{}&#8221;][et_pb_row _builder_version=&#8221;4.19.4&#8243; _module_preset=&#8221;default&#8221; global_colors_info=&#8221;{}&#8221;][et_pb_column type=&#8221;4_4&#8243; _builder_version=&#8221;4.19.4&#8243; _module_preset=&#8221;default&#8221; global_colors_info=&#8221;{}&#8221;][et_pb_image src=&#8221;http:\/\/loesgs.com\/wp-content\/uploads\/2022\/12\/Cover_europe_world-scaled.jpg&#8221; title_text=&#8221;Cover_europe_world&#8221; _builder_version=&#8221;4.19.4&#8243; _module_preset=&#8221;default&#8221; global_colors_info=&#8221;{}&#8221;][\/et_pb_image][\/et_pb_column][\/et_pb_row][\/et_pb_section][et_pb_section fb_built=&#8221;1&#8243; admin_label=&#8221;Header&#8221; _builder_version=&#8221;4.19.4&#8243; _module_preset=&#8221;default&#8221; background_color=&#8221;gcid-04fc7c92-6544-4609-aef9-4409c727b66a&#8221; background_enable_image=&#8221;off&#8221; custom_margin=&#8221;-4px||-253px|||&#8221; custom_padding=&#8221;0vw||0vw||true|false&#8221; global_module=&#8221;370&#8243; saved_tabs=&#8221;all&#8221; locked=&#8221;off&#8221; collapsed=&#8221;on&#8221; global_colors_info=&#8221;{%22gcid-04fc7c92-6544-4609-aef9-4409c727b66a%22:%91%22background_color%22%93}&#8221;][et_pb_row _builder_version=&#8221;4.19.4&#8243; _module_preset=&#8221;default&#8221; transform_scale=&#8221;78%|78%&#8221; width=&#8221;700px&#8221; width_tablet=&#8221;47%&#8221; width_phone=&#8221;80%&#8221; width_last_edited=&#8221;on|tablet&#8221; global_colors_info=&#8221;{}&#8221;][et_pb_column type=&#8221;4_4&#8243; _builder_version=&#8221;4.17.4&#8243; _module_preset=&#8221;default&#8221; global_colors_info=&#8221;{}&#8221;][et_pb_text _builder_version=&#8221;4.19.4&#8243; _module_preset=&#8221;e6504a1b-67eb-4b3d-b023-bcab277610b6&#8243; text_text_color=&#8221;gcid-bee10b6f-827c-440d-a9ae-17237a9a8f0e&#8221; header_text_color=&#8221;gcid-bee10b6f-827c-440d-a9ae-17237a9a8f0e&#8221; header_4_font=&#8221;Inter|700||on|||||&#8221; header_4_text_color=&#8221;#FFFFFF&#8221; header_4_font_size=&#8221;14px&#8221; header_4_letter_spacing=&#8221;0.3em&#8221; header_4_line_height=&#8221;1.4em&#8221; text_orientation=&#8221;center&#8221; custom_margin=&#8221;||22px||false|false&#8221; global_colors_info=&#8221;{%22gcid-bee10b6f-827c-440d-a9ae-17237a9a8f0e%22:%91%22header_text_color%22,%22text_text_color%22%93}&#8221;]<\/p>\n<h4>KONTAKTANFRAGE<\/h4>\n<p>[\/et_pb_text][et_pb_text _builder_version=&#8221;4.19.4&#8243; _module_preset=&#8221;c16985e1-e0d6-4022-964d-e2bfc04fa633&#8243; header_font=&#8221;Jost|600|||||||&#8221; header_text_color=&#8221;#FFFFFF&#8221; header_font_size=&#8221;69px&#8221; header_letter_spacing=&#8221;3px&#8221; header_line_height=&#8221;1.3em&#8221; text_orientation=&#8221;center&#8221; animation_style=&#8221;zoom&#8221; header_font_size_tablet=&#8221;46px&#8221; header_font_size_phone=&#8221;24px&#8221; header_font_size_last_edited=&#8221;on|tablet&#8221; header_text_shadow_style=&#8221;preset1&#8243; header_text_shadow_horizontal_length=&#8221;-0.01em&#8221; header_text_shadow_vertical_length=&#8221;-0.05em&#8221; header_text_shadow_blur_strength=&#8221;0.18em&#8221; header_text_shadow_color=&#8221;gcid-04fc7c92-6544-4609-aef9-4409c727b66a&#8221; global_colors_info=&#8221;{%22gcid-04fc7c92-6544-4609-aef9-4409c727b66a%22:%91%22header_text_shadow_color%22%93}&#8221;]<\/p>\n<h1>VORTR\u00c4GE<\/h1>\n<p>&nbsp;<\/p>\n<p>[\/et_pb_text][\/et_pb_column][\/et_pb_row][\/et_pb_section]<\/p>\n","protected":false},"excerpt":{"rendered":"<p>KONTAKTANFRAGEVORTR\u00c4GE &nbsp;KONTAKTANFRAGEVORTR\u00c4GE &nbsp;<\/p>\n","protected":false},"author":1,"featured_media":0,"parent":0,"menu_order":0,"comment_status":"closed","ping_status":"closed","template":"","meta":{"_et_pb_use_builder":"on","_et_pb_old_content":"","_et_gb_content_width":"","footnotes":""},"class_list":["post-343","page","type-page","status-publish","hentry"],"_links":{"self":[{"href":"https:\/\/loesgs.com\/index.php\/wp-json\/wp\/v2\/pages\/343","targetHints":{"allow":["GET"]}}],"collection":[{"href":"https:\/\/loesgs.com\/index.php\/wp-json\/wp\/v2\/pages"}],"about":[{"href":"https:\/\/loesgs.com\/index.php\/wp-json\/wp\/v2\/types\/page"}],"author":[{"embeddable":true,"href":"https:\/\/loesgs.com\/index.php\/wp-json\/wp\/v2\/users\/1"}],"replies":[{"embeddable":true,"href":"https:\/\/loesgs.com\/index.php\/wp-json\/wp\/v2\/comments?post=343"}],"version-history":[{"count":13,"href":"https:\/\/loesgs.com\/index.php\/wp-json\/wp\/v2\/pages\/343\/revisions"}],"predecessor-version":[{"id":501,"href":"https:\/\/loesgs.com\/index.php\/wp-json\/wp\/v2\/pages\/343\/revisions\/501"}],"wp:attachment":[{"href":"https:\/\/loesgs.com\/index.php\/wp-json\/wp\/v2\/media?parent=343"}],"curies":[{"name":"wp","href":"https:\/\/api.w.org\/{rel}","templated":true}]}}